{"id":6973,"date":"2025-09-06T13:09:36","date_gmt":"2025-09-06T13:09:36","guid":{"rendered":"https:\/\/lwb.com.tr\/?post_type=product&#038;p=6973"},"modified":"2026-02-12T16:55:06","modified_gmt":"2026-02-12T16:55:06","slug":"ahsap-oturum-tabure","status":"publish","type":"product","link":"https:\/\/lwb.com.tr\/en\/urunlerimiz\/ahsap-oturum-tabure\/","title":{"rendered":"Ah\u015fap Oturum Tabure"},"content":{"rendered":"<h3 style=\"text-align: center;\">Kalite ve Konfor Bir Arada<\/h3>\n<p style=\"text-align: center;\">Ah\u015fap oturum taburemiz minimalist ve \u015f\u0131k tasar\u0131m\u0131, ergonomik yap\u0131s\u0131, kaliteli malzemeleri ve \u00e7ok y\u00f6nl\u00fc kullan\u0131m\u0131 ile her t\u00fcrl\u00fc mutfak alan\u0131na zarafet ve konfor katar. K\u00fc\u00e7\u00fck boyutuna ra\u011fmen maksimum rahatl\u0131k sunan bu tabure, hem evde hem de ticari alanlarda estetik ve konforu bir araya getirir. Taburemiz ile mekanlar\u0131n\u0131za modern bir dokunu\u015f kat\u0131n ve \u00fcst\u00fcn oturma konforunu deneyimleyin.<\/p>\n","protected":false},"excerpt":{"rendered":"<h3 style=\"text-align: center;\">Kalite ve Konfor Bir Arada<\/h3>\n<p style=\"text-align: center;\">Ah\u015fap oturum taburemiz minimalist ve \u015f\u0131k tasar\u0131m\u0131, ergonomik yap\u0131s\u0131, kaliteli malzemeleri ve \u00e7ok y\u00f6nl\u00fc kullan\u0131m\u0131 ile her t\u00fcrl\u00fc mutfak alan\u0131na zarafet ve konfor katar. K\u00fc\u00e7\u00fck boyutuna ra\u011fmen maksimum rahatl\u0131k sunan bu tabure, hem evde hem de ticari alanlarda estetik ve konforu bir araya getirir. Taburemiz ile mekanlar\u0131n\u0131za modern bir dokunu\u015f kat\u0131n ve \u00fcst\u00fcn oturma konforunu deneyimleyin.<\/p>\n","protected":false},"featured_media":6975,"template":"","meta":[],"product_brand":[],"product_cat":[82],"product_tag":[],"class_list":{"0":"post-6973","1":"product","2":"type-product","3":"status-publish","4":"has-post-thumbnail","6":"product_cat-tabure-serisi","8":"first","9":"instock","10":"taxable","11":"shipping-taxable","12":"purchasable","13":"product-type-simple","14":"add-to-wishlist-after_add_to_cart"},"acf":[],"_links":{"self":[{"href":"https:\/\/lwb.com.tr\/en\/wp-json\/wp\/v2\/product\/6973","targetHints":{"allow":["GET"]}}],"collection":[{"href":"https:\/\/lwb.com.tr\/en\/wp-json\/wp\/v2\/product"}],"about":[{"href":"https:\/\/lwb.com.tr\/en\/wp-json\/wp\/v2\/types\/product"}],"version-history":[{"count":0,"href":"https:\/\/lwb.com.tr\/en\/wp-json\/wp\/v2\/product\/6973\/revisions"}],"wp:featuredmedia":[{"embeddable":true,"href":"https:\/\/lwb.com.tr\/en\/wp-json\/wp\/v2\/media\/6975"}],"wp:attachment":[{"href":"https:\/\/lwb.com.tr\/en\/wp-json\/wp\/v2\/media?parent=6973"}],"wp:term":[{"taxonomy":"product_brand","embeddable":true,"href":"https:\/\/lwb.com.tr\/en\/wp-json\/wp\/v2\/product_brand?post=6973"},{"taxonomy":"product_cat","embeddable":true,"href":"https:\/\/lwb.com.tr\/en\/wp-json\/wp\/v2\/product_cat?post=6973"},{"taxonomy":"product_tag","embeddable":true,"href":"https:\/\/lwb.com.tr\/en\/wp-json\/wp\/v2\/product_tag?post=6973"}],"curies":[{"name":"wp","href":"https:\/\/api.w.org\/{rel}","templated":true}]}}